{"id":22,"date":"2022-05-24T14:42:56","date_gmt":"2022-05-24T12:42:56","guid":{"rendered":"http:\/\/site2.symbiose40.fr.symbiose40.fr\/?page_id=22"},"modified":"2022-05-24T16:27:11","modified_gmt":"2022-05-24T14:27:11","slug":"nos-projets","status":"publish","type":"page","link":"https:\/\/site2.symbiose40.fr.symbiose40.fr\/index.php\/nos-projets\/","title":{"rendered":"Nos Projets"},"content":{"rendered":"\n<h2 class=\"wp-block-heading\">Th\u00e8me  Authentique <\/h2>\n\n\n\n<figure class=\"wp-block-image size-full\"><img loading=\"lazy\" decoding=\"async\" width=\"816\" height=\"800\" src=\"http:\/\/site2.symbiose40.fr.symbiose40.fr\/wp-content\/uploads\/2022\/05\/1_1-1.jpg\" alt=\"\" class=\"wp-image-50\" srcset=\"https:\/\/site2.symbiose40.fr.symbiose40.fr\/wp-content\/uploads\/2022\/05\/1_1-1.jpg 816w, https:\/\/site2.symbiose40.fr.symbiose40.fr\/wp-content\/uploads\/2022\/05\/1_1-1-300x294.jpg 300w, https:\/\/site2.symbiose40.fr.symbiose40.fr\/wp-content\/uploads\/2022\/05\/1_1-1-768x753.jpg 768w, https:\/\/site2.symbiose40.fr.symbiose40.fr\/wp-content\/uploads\/2022\/05\/1_1-1-75x75.jpg 75w\" sizes=\"auto, (max-width: 816px) 100vw, 816px\" \/><\/figure>\n\n\n\n<p>Tendance Authentique, cette salle de bain plaira \u00e0 tout ceux qui aime le style r\u00e9tro, vintage.<\/p>\n\n\n\n<p>Dans une union de carreaux d\u00e9cor et de carreaux blancs us\u00e9s  cette salle de bain correspondras compl\u00e8tement au style vintage retro.<\/p>\n\n\n\n<p>Accompagner d&#8217;\u00e9l\u00e9ments de salle de bain tel que le WC et le lavabo de style retro. Cette salle de bain seras la repr\u00e9sentation type de la tendance  r\u00e9tro. Elle rassembleras les \u00e9l\u00e9ments parfait pour composer une salle de bain a l&#8217;ancienne en toute originalit\u00e9.<\/p>\n\n\n\n<p><\/p>\n\n\n\n<hr class=\"wp-block-separator\"\/>\n\n\n\n<h2 class=\"wp-block-heading\">Nature Industriel<\/h2>\n\n\n\n<figure class=\"wp-block-image size-large\"><img loading=\"lazy\" decoding=\"async\" width=\"1024\" height=\"819\" src=\"http:\/\/site2.symbiose40.fr.symbiose40.fr\/wp-content\/uploads\/2022\/05\/Panneau-dhumeur-de-design-dinterieur-image-creme-et-noir-5-1024x819.png\" alt=\"\" class=\"wp-image-69\" srcset=\"https:\/\/site2.symbiose40.fr.symbiose40.fr\/wp-content\/uploads\/2022\/05\/Panneau-dhumeur-de-design-dinterieur-image-creme-et-noir-5-1024x819.png 1024w, https:\/\/site2.symbiose40.fr.symbiose40.fr\/wp-content\/uploads\/2022\/05\/Panneau-dhumeur-de-design-dinterieur-image-creme-et-noir-5-300x240.png 300w, https:\/\/site2.symbiose40.fr.symbiose40.fr\/wp-content\/uploads\/2022\/05\/Panneau-dhumeur-de-design-dinterieur-image-creme-et-noir-5-768x614.png 768w, https:\/\/site2.symbiose40.fr.symbiose40.fr\/wp-content\/uploads\/2022\/05\/Panneau-dhumeur-de-design-dinterieur-image-creme-et-noir-5-1536x1229.png 1536w, https:\/\/site2.symbiose40.fr.symbiose40.fr\/wp-content\/uploads\/2022\/05\/Panneau-dhumeur-de-design-dinterieur-image-creme-et-noir-5-1140x912.png 1140w, https:\/\/site2.symbiose40.fr.symbiose40.fr\/wp-content\/uploads\/2022\/05\/Panneau-dhumeur-de-design-dinterieur-image-creme-et-noir-5.png 2000w\" sizes=\"auto, (max-width: 1024px) 100vw, 1024px\" \/><\/figure>\n\n\n\n<p>Ici les clients sont partis d\u2019une salle de bain r\u00e9alis\u00e9e il y a plus de vingt ans lors de la construction de leur maison.<br>\u2800\u2800\u2800\u2800\u2800\u2800\u2800\u2800\u2800<br>Ils ont choisi un style nature industriel avec un m\u00e9lange de bois et de d\u00e9tails noirs.<br>Paroi de douche avec des d\u00e9tails noirs.<br>Robinetterie et barre de douche en finition noir mat.<br>\u2800\u2800\u2800\u2800\u2800\u2800\u2800\u2800\u2800<br>Pour le carreau ils ont choisi:<br>Du gris au sol avec une fresque au centre de la pi\u00e8ce style carreau de ciment.Dans la douche ils ont opt\u00e9 pour une douche \u00e0 l\u2019italienne avec un sol en petits galets et au mur c\u00f4t\u00e9 vitre du carrelage imitation briquette et c\u00f4t\u00e9 barre de douche un carreau blanc.&nbsp;<\/p>\n","protected":false},"excerpt":{"rendered":"<p>Th\u00e8me Authentique Tendance Authentique, cette salle de bain plaira \u00e0 tout ceux qui aime le style r\u00e9tro, vintage. Dans une union de carreaux d\u00e9cor et de carreaux blancs us\u00e9s cette salle de bain correspondras compl\u00e8tement au style vintage retro. Accompagner d&#8217;\u00e9l\u00e9ments de salle de bain tel que le WC et le lavabo de style retro. Cette salle de bain seras la repr\u00e9sentation type de la tendance r\u00e9tro. Elle rassembleras les \u00e9l\u00e9ments parfait pour composer une salle de bain a l&#8217;ancienne en toute originalit\u00e9. Ici les clients sont partis d\u2019une salle de bain r\u00e9alis\u00e9e il y a plus de vingt ans lors de la construction de leur maison.\u2800\u2800\u2800\u2800\u2800\u2800\u2800\u2800\u2800Ils ont choisi un style nature industriel avec un m\u00e9lange de bois et de d\u00e9tails noirs.Paroi de douche avec des d\u00e9tails noirs.Robinetterie et barre de douche en finition noir mat.\u2800\u2800\u2800\u2800\u2800\u2800\u2800\u2800\u2800Pour le carreau ils ont choisi:Du gris au sol avec une fresque au centre de la pi\u00e8ce style carreau de ciment.Dans la douche ils ont opt\u00e9 pour une douche \u00e0 l\u2019italienne avec un sol en petits galets et au mur c\u00f4t\u00e9 vitre du carrelage imitation briquette et c\u00f4t\u00e9 barre de douche un carreau blanc.&nbsp;<\/p>\n","protected":false},"author":1,"featured_media":0,"parent":0,"menu_order":0,"comment_status":"closed","ping_status":"closed","template":"","meta":{"footnotes":""},"class_list":["post-22","page","type-page","status-publish","hentry"],"_links":{"self":[{"href":"https:\/\/site2.symbiose40.fr.symbiose40.fr\/index.php\/wp-json\/wp\/v2\/pages\/22","targetHints":{"allow":["GET"]}}],"collection":[{"href":"https:\/\/site2.symbiose40.fr.symbiose40.fr\/index.php\/wp-json\/wp\/v2\/pages"}],"about":[{"href":"https:\/\/site2.symbiose40.fr.symbiose40.fr\/index.php\/wp-json\/wp\/v2\/types\/page"}],"author":[{"embeddable":true,"href":"https:\/\/site2.symbiose40.fr.symbiose40.fr\/index.php\/wp-json\/wp\/v2\/users\/1"}],"replies":[{"embeddable":true,"href":"https:\/\/site2.symbiose40.fr.symbiose40.fr\/index.php\/wp-json\/wp\/v2\/comments?post=22"}],"version-history":[{"count":8,"href":"https:\/\/site2.symbiose40.fr.symbiose40.fr\/index.php\/wp-json\/wp\/v2\/pages\/22\/revisions"}],"predecessor-version":[{"id":79,"href":"https:\/\/site2.symbiose40.fr.symbiose40.fr\/index.php\/wp-json\/wp\/v2\/pages\/22\/revisions\/79"}],"wp:attachment":[{"href":"https:\/\/site2.symbiose40.fr.symbiose40.fr\/index.php\/wp-json\/wp\/v2\/media?parent=22"}],"curies":[{"name":"wp","href":"https:\/\/api.w.org\/{rel}","templated":true}]}}